{"id":5320,"date":"2026-01-31T12:16:30","date_gmt":"2026-01-31T15:16:30","guid":{"rendered":"https:\/\/isef27-sfe.infd.edu.ar\/sitio\/?page_id=5320"},"modified":"2026-01-31T12:59:06","modified_gmt":"2026-01-31T15:59:06","slug":"inscripcion-a-espacios-curriculares-2026-2","status":"publish","type":"page","link":"https:\/\/isef27-sfe.infd.edu.ar\/sitio\/inscripcion-a-espacios-curriculares-2026-2\/","title":{"rendered":"Inscripci\u00f3n a Espacios Curriculares 2026"},"content":{"rendered":"\n<p>MATRICULACI\u00d3N<\/p>\n\n\n\n<p>La INSCRIPCI\u00d3N en los ESPACIOS CURRICULARES es un tr\u00e1mite obligatorio que est\u00e1 indicado en el art. 20 del RAM: \u201c<em>para sostener el car\u00e1cter de estudiante, es requisito matricularse indicando la condici\u00f3n y modalidad de cursado de cada espacio curricular, respetando el r\u00e9gimen de correlatividades vigente y cumplimentando los requerimientos exigidos por la instituci\u00f3n\u201d.<\/em><\/p>\n\n\n\n<p>Para hacer efectiva la inscripci\u00f3n deber\u00e1n presentar los siguientes requerimientos:<\/p>\n\n\n\n<p>&#8211; FICHA DE INSCRIPCI\u00d3N A ESPACIOS CURRICULARES (original y FOTOCOPIA del original). (<a href=\"https:\/\/isef27-sfe.infd.edu.ar\/sitio\/wp-content\/uploads\/2026\/01\/Ficha-de-Inscripcion-a-Espacios-Curriculares.pdf\">enlace a la Ficha de Inscripci\u00f3n<\/a>)<\/p>\n\n\n\n<p>&#8211; CERTIFICADO M\u00c9DICO DE BUENA SALUD 2026 (si es confeccionado por un\/a profesional particular debe tener estampillado del Colegio de M\u00e9dicos).<\/p>\n\n\n\n<p>&#8211; CERTIFICADO BUCO DENTAL 2026.<\/p>\n\n\n\n<p>&#8211; NOTA DE CONSENTIMIENTO. (<a href=\"https:\/\/isef27-sfe.infd.edu.ar\/sitio\/wp-content\/uploads\/2026\/01\/Nota-de-Consentimiento-2026-1.pdf\">enlace a la Nota de Consentimiento<\/a>)<\/p>\n","protected":false},"excerpt":{"rendered":"<p>MATRICULACI\u00d3N La INSCRIPCI\u00d3N en los ESPACIOS CURRICULARES es un tr\u00e1mite obligatorio que est\u00e1 indicado en el art. 20 del RAM: \u201cpara sostener el car\u00e1cter de estudiante, es requisito matricularse indicando la condici\u00f3n y modalidad de cursado de cada espacio curricular, respetando el r\u00e9gimen de correlatividades vigente y cumplimentando los requerimientos exigidos por la instituci\u00f3n\u201d. Para &#8230; <a title=\"Inscripci\u00f3n a Espacios Curriculares 2026\" class=\"read-more\" href=\"https:\/\/isef27-sfe.infd.edu.ar\/sitio\/inscripcion-a-espacios-curriculares-2026-2\/\" aria-label=\"More on Inscripci\u00f3n a Espacios Curriculares 2026\">[+]<\/a><\/p>\n","protected":false},"author":165,"featured_media":0,"parent":0,"menu_order":0,"comment_status":"closed","ping_status":"closed","template":"","meta":[],"acf":[],"_links":{"self":[{"href":"https:\/\/isef27-sfe.infd.edu.ar\/sitio\/wp-json\/wp\/v2\/pages\/5320"}],"collection":[{"href":"https:\/\/isef27-sfe.infd.edu.ar\/sitio\/wp-json\/wp\/v2\/pages"}],"about":[{"href":"https:\/\/isef27-sfe.infd.edu.ar\/sitio\/wp-json\/wp\/v2\/types\/page"}],"author":[{"embeddable":true,"href":"https:\/\/isef27-sfe.infd.edu.ar\/sitio\/wp-json\/wp\/v2\/users\/165"}],"replies":[{"embeddable":true,"href":"https:\/\/isef27-sfe.infd.edu.ar\/sitio\/wp-json\/wp\/v2\/comments?post=5320"}],"version-history":[{"count":5,"href":"https:\/\/isef27-sfe.infd.edu.ar\/sitio\/wp-json\/wp\/v2\/pages\/5320\/revisions"}],"predecessor-version":[{"id":5334,"href":"https:\/\/isef27-sfe.infd.edu.ar\/sitio\/wp-json\/wp\/v2\/pages\/5320\/revisions\/5334"}],"wp:attachment":[{"href":"https:\/\/isef27-sfe.infd.edu.ar\/sitio\/wp-json\/wp\/v2\/media?parent=5320"}],"curies":[{"name":"wp","href":"https:\/\/api.w.org\/{rel}","templated":true}]}}