{"id":3592,"date":"2023-09-26T16:27:38","date_gmt":"2023-09-26T19:27:38","guid":{"rendered":"https:\/\/isef27-sfe.infd.edu.ar\/sitio\/?page_id=3592"},"modified":"2026-04-30T09:52:21","modified_gmt":"2026-04-30T12:52:21","slug":"noticias","status":"publish","type":"page","link":"https:\/\/isef27-sfe.infd.edu.ar\/sitio\/noticias\/","title":{"rendered":""},"content":{"rendered":"\n<p><\/p>\n\n\n\n<p class=\"has-text-align-center has-very-light-gray-to-cyan-bluish-gray-gradient-background has-background\"><strong>CONSTANCIAS DE T\u00cdTULOS EN TR\u00c1MITE  &#8211;  ACTUALIZADO AL 30\/04\/2026<\/strong><\/p>\n\n\n\n<p>ROBLEDO MAS, ABRIL &#8211; ROSATTI NICOL\u00c1S EXEQUIEL <\/p>\n\n\n\n<p>AIELLO AGUSTIN URIEL &#8211; CANO JULIAN ANDRES &#8211; CANGIANO CAMILA DAIANA &#8211; SANCHEZ MARCELO SEBASTI\u00c1N &#8211; SANTOS VICTORIA &#8211; ZOCOLA JOAQU\u00cdN ESTEBAN<\/p>\n\n\n\n<p>CREUS NICOL\u00c1S IV\u00c1N &#8211; FRANCO ENZO SANTIAGO &#8211; MIRETTI JUAN IGNACIO &#8211; P\u00c9REZ MAXIMILIANO ARIEL &#8211; PETROSELLI MAURO RUB\u00c9N &#8211; PRADA OVEJERO FACUNDO BENJAM\u00cdN &#8211; REYNOSO MAT\u00cdAS<\/p>\n\n\n\n<p>DERRIER DANIELA &#8211; CURI IGNACIO &#8211; DE \u00c1NGELIS D\u00c1MARIS MELINA &#8211; DONNET MAR\u00cdA DE LOS \u00c1NGELES &#8211; LEZCANO THOMAS &#8211; BARRA GIANELLA &#8211; GASPOZ ROLANDO EL\u00cdAS &#8211; SAUCEDO MAR\u00cdA AGUSTINA &#8211; WICKY LUCAS &#8211; SANSO, JUAN IGNACIO &#8211; CASTILLO MOLINA FACUNDO JESUS &#8211; MANSILLA AXEL &#8211; TITTONI MARIANO &#8211; VALDEZ MAR\u00cdA ALEJANDRA &#8211; ECHEVARR\u00cdA FLORENCIA MARLEN &#8211; ORTIZ FELICITAS MARIEL &#8211; ACOSTA JEANDREREN SHIRLEY STEFAN\u00cdA &#8211; CAMPINS JUAN IGNACIO &#8211; GANGLI IMANOL &#8211; GASSER ROC\u00cdO ISABEL &#8211; GONZ\u00c1LEZ LUMILA IN\u00c9S &#8211; M\u00c9NDEZ SIM\u00d3N &#8211; RIZZO SANTIAGO AGUST\u00cdN &#8211; VENGHI JIMENA MAR\u00cdA &#8211; VILLAGRA ROMINA BEL\u00c9N &#8211; VOGT NICOL\u00c1S JOS\u00c9 DONNET MATEO VALENT\u00cdN &#8211; CERDA IGNACIO ALONSO TOM\u00c1S &#8211; BERTOLA LAUTARO &#8211; SUAREZ NELVIS &#8211; FRICKEL BERNARDITA MARIA &#8211; GALIZZI KOHAN FAUSTO &#8211; MAUTINO EMILIA &#8211; GONZALEZ ZUBER JOAQUIN &#8211; GATTO AGOSTINA &#8211; MAFFIOLI MATEO NICOLAS &#8211; VALLECILLO PATRICIO &#8211; MAGLIANESI JOSE ENRIQUE &#8211; BLANCO FACUNDO &#8211; JUAREZ AGUST\u00cdN ANTONIO &#8211; STRADA JUAN ANDR\u00c9S &#8211; MANNI ROCIO TAMARA &#8211; COSTANZO JUAN CRUZ &#8211; LEIVA NICOLAS EMANUEL &#8211; MAZZON FACUNDO NAHUEL &#8211; VALENTI SOFIA AYLEN &#8211; PERASSI CHIARA LENA &#8211; OBINO SANTIAGO IVAN &#8211; GOMEZ ALEXIS MATIAS &#8211; BAGNAROLI AMBAR &#8211; AYMERICH FRANCISCO JOSE &#8211; LAURENTI FRANCO ANDRES &#8211; MENDOZA YANINA &#8211; TABORDA GABRIEL &#8211; SANTAGATI CEPELLOTTI JUAN -JAUREGUI GERONIMO &#8211; SCALZO M FLORENCIA &#8211; CARRERA MAIDANA DANA &#8211; GOMEZ M DE LOS MILAGROS &#8211; RAMELLO M LOURDES &#8211; PIEDRABUENA MARINA &#8211; RAMIREZ KEVIN &#8211; PAREDES LUIS &#8211; MORIZO AGUSTIN &#8211; MORGADA CAMILO &#8211; CARABAJAL M BELEN &#8211; SUCCETTI LUCIANO &#8211; FALCON ESTEBAN MANUEL &#8211; ROSINI VICTORIA &#8211; YACOVELLA M FLORENCIA &#8211; VIGNOLO BRUNO &#8211; OLIVEROS ZABALA RICARDO &#8211; GAMARRA MAURICIO &#8211; AGLIERI TOMAS &#8211; KOLTINO BERENICE &#8211; GROSSI MARTIN &#8211; CARDOZO NICOLAS &#8211; SANCHEZ LAUTARO &#8211; ORTIZ NARELA.<\/p>\n\n\n\n<p><\/p>\n\n\n\n<hr class=\"wp-block-separator has-alpha-channel-opacity\"\/>\n\n\n\n<p><\/p>\n","protected":false},"excerpt":{"rendered":"<p>CONSTANCIAS DE T\u00cdTULOS EN TR\u00c1MITE &#8211; ACTUALIZADO AL 30\/04\/2026 ROBLEDO MAS, ABRIL &#8211; ROSATTI NICOL\u00c1S EXEQUIEL AIELLO AGUSTIN URIEL &#8211; CANO JULIAN ANDRES &#8211; CANGIANO CAMILA DAIANA &#8211; SANCHEZ MARCELO SEBASTI\u00c1N &#8211; SANTOS VICTORIA &#8211; ZOCOLA JOAQU\u00cdN ESTEBAN CREUS NICOL\u00c1S IV\u00c1N &#8211; FRANCO ENZO SANTIAGO &#8211; MIRETTI JUAN IGNACIO &#8211; P\u00c9REZ MAXIMILIANO ARIEL &#8211; PETROSELLI &#8230; <a title=\"\" class=\"read-more\" href=\"https:\/\/isef27-sfe.infd.edu.ar\/sitio\/noticias\/\" aria-label=\"More on \">[+]<\/a><\/p>\n","protected":false},"author":165,"featured_media":0,"parent":0,"menu_order":0,"comment_status":"closed","ping_status":"closed","template":"","meta":[],"acf":[],"_links":{"self":[{"href":"https:\/\/isef27-sfe.infd.edu.ar\/sitio\/wp-json\/wp\/v2\/pages\/3592"}],"collection":[{"href":"https:\/\/isef27-sfe.infd.edu.ar\/sitio\/wp-json\/wp\/v2\/pages"}],"about":[{"href":"https:\/\/isef27-sfe.infd.edu.ar\/sitio\/wp-json\/wp\/v2\/types\/page"}],"author":[{"embeddable":true,"href":"https:\/\/isef27-sfe.infd.edu.ar\/sitio\/wp-json\/wp\/v2\/users\/165"}],"replies":[{"embeddable":true,"href":"https:\/\/isef27-sfe.infd.edu.ar\/sitio\/wp-json\/wp\/v2\/comments?post=3592"}],"version-history":[{"count":116,"href":"https:\/\/isef27-sfe.infd.edu.ar\/sitio\/wp-json\/wp\/v2\/pages\/3592\/revisions"}],"predecessor-version":[{"id":5465,"href":"https:\/\/isef27-sfe.infd.edu.ar\/sitio\/wp-json\/wp\/v2\/pages\/3592\/revisions\/5465"}],"wp:attachment":[{"href":"https:\/\/isef27-sfe.infd.edu.ar\/sitio\/wp-json\/wp\/v2\/media?parent=3592"}],"curies":[{"name":"wp","href":"https:\/\/api.w.org\/{rel}","templated":true}]}}