{"id":1097,"date":"2018-08-31T14:43:12","date_gmt":"2018-08-31T17:43:12","guid":{"rendered":"https:\/\/isef27-sfe.infd.edu.ar\/sitio\/asociacion-cooperadora-isef-n27\/"},"modified":"2025-10-22T21:22:16","modified_gmt":"2025-10-23T00:22:16","slug":"asociacion-cooperadora-isef-n27","status":"publish","type":"page","link":"https:\/\/isef27-sfe.infd.edu.ar\/sitio\/asociacion-cooperadora-isef-n27\/","title":{"rendered":"Asociaci\u00f3n Cooperadora ISEF N\u00b0 27"},"content":{"rendered":"<h2 style=\"text-align: center; text-decoration: underline; color: #000000;\"><\/h2>\n<p style=\"color: #000000;\">Es misi\u00f3n fundamental de la Asociaci\u00f3n Cooperadora colaborar con el estado para que la funci\u00f3n que cumple el Instituto se desarrolle en forma que asegure su m\u00e1xima eficiencia.<\/p>\n<p style=\"text-align: center; text-decoration: underline; color: #000000;\">Funciones que cumple:<\/p>\n<p style=\"color: #000000;\">&#8211; Concretar ayuda de todo tipo a los alumnos en la medida de sus posibilidades.<\/p>\n<p style=\"color: #000000;\">&#8211; Dotar al establecimiento de todas las mejoras posibles para facilitar su tarea espec\u00edfica y perfeccionar su quehacer docente.<\/p>\n<p style=\"color: #000000;\">&#8211; Actuar en relaci\u00f3n con las autoridades del I.S.E.F. asegurando una acci\u00f3n coordinadora a los fines de la asociaci\u00f3n.<\/p>\n<p style=\"color: #000000;\">&#8211; Contribuir a las necesidades del Instituto en lo que respecta a:<\/p>\n<p style=\"color: #000000;\">Provisi\u00f3n de elementos necesarios para su funcionamiento ya sea en mantenimiento de edificio, elementos de librer\u00eda, material deportivo para todas las disciplinas, inform\u00e1tica, elementos de limpieza, etc.<\/p>\n<p style=\"color: #000000;\">Cubrir a todos los alumnos del Instituto con un seguro de Responsabilidad Civil contratado ante una compa\u00f1\u00eda de probada responsabilidad, atenci\u00f3n m\u00e9dica, traslado de emergencia, en una instituci\u00f3n sanatorial reconocida. Este seguro cubre tambi\u00e9n a los alumnos ingresantes mientras dure el per\u00edodo de dicho examen.<\/p>\n<p style=\"color: #000000;\">Cuenta con una cantina, propiedad de la cooperadora, concesionada, que presta servicio a todos los alumnos del ISEF.<\/p>\n","protected":false},"excerpt":{"rendered":"<p>Es misi\u00f3n fundamental de la Asociaci\u00f3n Cooperadora colaborar con el estado para que la funci\u00f3n que cumple el Instituto se desarrolle en forma que asegure su m\u00e1xima eficiencia. Funciones que cumple: &#8211; Concretar ayuda de todo tipo a los alumnos en la medida de sus posibilidades. &#8211; Dotar al establecimiento de todas las mejoras posibles &#8230; <a title=\"Asociaci\u00f3n Cooperadora ISEF N\u00b0 27\" class=\"read-more\" href=\"https:\/\/isef27-sfe.infd.edu.ar\/sitio\/asociacion-cooperadora-isef-n27\/\" aria-label=\"More on Asociaci\u00f3n Cooperadora ISEF N\u00b0 27\">[+]<\/a><\/p>\n","protected":false},"author":165,"featured_media":0,"parent":0,"menu_order":0,"comment_status":"closed","ping_status":"closed","template":"","meta":[],"acf":[],"_links":{"self":[{"href":"https:\/\/isef27-sfe.infd.edu.ar\/sitio\/wp-json\/wp\/v2\/pages\/1097"}],"collection":[{"href":"https:\/\/isef27-sfe.infd.edu.ar\/sitio\/wp-json\/wp\/v2\/pages"}],"about":[{"href":"https:\/\/isef27-sfe.infd.edu.ar\/sitio\/wp-json\/wp\/v2\/types\/page"}],"author":[{"embeddable":true,"href":"https:\/\/isef27-sfe.infd.edu.ar\/sitio\/wp-json\/wp\/v2\/users\/165"}],"replies":[{"embeddable":true,"href":"https:\/\/isef27-sfe.infd.edu.ar\/sitio\/wp-json\/wp\/v2\/comments?post=1097"}],"version-history":[{"count":9,"href":"https:\/\/isef27-sfe.infd.edu.ar\/sitio\/wp-json\/wp\/v2\/pages\/1097\/revisions"}],"predecessor-version":[{"id":5016,"href":"https:\/\/isef27-sfe.infd.edu.ar\/sitio\/wp-json\/wp\/v2\/pages\/1097\/revisions\/5016"}],"wp:attachment":[{"href":"https:\/\/isef27-sfe.infd.edu.ar\/sitio\/wp-json\/wp\/v2\/media?parent=1097"}],"curies":[{"name":"wp","href":"https:\/\/api.w.org\/{rel}","templated":true}]}}